{"id":2752,"date":"2023-12-12T17:13:28","date_gmt":"2023-12-12T20:13:28","guid":{"rendered":"https:\/\/iesbelen-cat.infd.edu.ar\/sitio\/?page_id=2752"},"modified":"2025-10-28T12:31:34","modified_gmt":"2025-10-28T15:31:34","slug":"siu-guarani-2","status":"publish","type":"page","link":"https:\/\/iesbelen-cat.infd.edu.ar\/sitio\/siu-guarani-2\/","title":{"rendered":"SIU Guaran\u00ed 2025"},"content":{"rendered":"\n<p class=\"has-text-align-center\"><strong>PREINSCRIPCI\u00d3N INGRESANTES 2025<\/strong><\/p>\n\n\n\n<p>Para hacer la preinscripci\u00f3n se debe contar con una <strong>cuenta personal<\/strong> de correo electr\u00f3nico <strong>que se encuentre activa<\/strong>, sino cont\u00e1s con una debes crearla.<\/p>\n\n\n\n<p>Te invitamos a observar el siguiente video tutorial para guiarte en tu preinscripci\u00f3n:<\/p>\n\n\n\n<figure class=\"wp-block-embed is-type-video is-provider-youtube wp-block-embed-youtube wp-embed-aspect-16-9 wp-has-aspect-ratio\"><div class=\"wp-block-embed__wrapper\">\n<iframe loading=\"lazy\" title=\"PRE-INSCRIPCI\u00d3N\" width=\"1200\" height=\"675\" src=\"https:\/\/www.youtube.com\/embed\/3WYVqxZ7KAQ?feature=oembed\" frameborder=\"0\" allow=\"accelerometer; autoplay; clipboard-write; encrypted-media; gyroscope; picture-in-picture; web-share\" referrerpolicy=\"strict-origin-when-cross-origin\" allowfullscreen><\/iframe>\n<\/div><\/figure>\n\n\n\n<p>O ingres\u00e1 al siguiente tutorial: <a href=\"https:\/\/drive.google.com\/file\/d\/1fZ4wQkCPhjjH8R84e8eY84y1xP5w6uwk\/view?usp=sharing\">https:\/\/drive.google.com\/file\/d\/1fZ4wQkCPhjjH8R84e8eY84y1xP5w6uwk\/view?usp=sharing<\/a><\/p>\n\n\n\n<p class=\"has-text-align-center\">Es indispensable que al momento de tu Inscripci\u00f3n no haya errores en la informaci\u00f3n personal ingresada. Adem\u00e1s observ\u00e1 bien si vas a registrar preinscripci\u00f3n en Sede Central, Hualf\u00edn o Londres.<\/p>\n\n\n\n<p>Ahora estamos listos!  <\/p>\n\n\n\n<p>En el siguiente enlace podr\u00e1s acceder al Sistema  <a rel=\"noreferrer noopener\" href=\"http:\/\/guarani.catamarca.edu.ar\/\" target=\"_blank\">http:\/\/guarani.catamarca.edu.ar\/<\/a><\/p>\n\n\n\n<p>Tu preinscripci\u00f3n no esta completa hasta que presentes  toda la documentaci\u00f3n y el formulario obtenido por este sistema firmado por vos en secci\u00f3n bedel\u00eda del IES Bel\u00e9n Sede Central, Extensiones \u00c1ulicas Hualf\u00edn o Londres, seg\u00fan corresponda.<\/p>\n\n\n\n<p>&nbsp;<\/p>\n","protected":false},"excerpt":{"rendered":"<p>PREINSCRIPCI\u00d3N INGRESANTES 2025 Para hacer la preinscripci\u00f3n se debe contar con una cuenta personal de correo electr\u00f3nico que se encuentre activa, sino cont\u00e1s con una debes crearla. Te invitamos a observar el siguiente video tutorial para guiarte en tu preinscripci\u00f3n: O ingres\u00e1 al siguiente tutorial: https:\/\/drive.google.com\/file\/d\/1fZ4wQkCPhjjH8R84e8eY84y1xP5w6uwk\/view?usp=sharing Es indispensable que al momento de tu Inscripci\u00f3n no &#8230; <a title=\"SIU Guaran\u00ed 2025\" class=\"read-more\" href=\"https:\/\/iesbelen-cat.infd.edu.ar\/sitio\/siu-guarani-2\/\" aria-label=\"More on SIU Guaran\u00ed 2025\">[+]<\/a><\/p>\n","protected":false},"author":72,"featured_media":0,"parent":0,"menu_order":0,"comment_status":"closed","ping_status":"closed","template":"","meta":[],"acf":[],"_links":{"self":[{"href":"https:\/\/iesbelen-cat.infd.edu.ar\/sitio\/wp-json\/wp\/v2\/pages\/2752"}],"collection":[{"href":"https:\/\/iesbelen-cat.infd.edu.ar\/sitio\/wp-json\/wp\/v2\/pages"}],"about":[{"href":"https:\/\/iesbelen-cat.infd.edu.ar\/sitio\/wp-json\/wp\/v2\/types\/page"}],"author":[{"embeddable":true,"href":"https:\/\/iesbelen-cat.infd.edu.ar\/sitio\/wp-json\/wp\/v2\/users\/72"}],"replies":[{"embeddable":true,"href":"https:\/\/iesbelen-cat.infd.edu.ar\/sitio\/wp-json\/wp\/v2\/comments?post=2752"}],"version-history":[{"count":12,"href":"https:\/\/iesbelen-cat.infd.edu.ar\/sitio\/wp-json\/wp\/v2\/pages\/2752\/revisions"}],"predecessor-version":[{"id":3746,"href":"https:\/\/iesbelen-cat.infd.edu.ar\/sitio\/wp-json\/wp\/v2\/pages\/2752\/revisions\/3746"}],"wp:attachment":[{"href":"https:\/\/iesbelen-cat.infd.edu.ar\/sitio\/wp-json\/wp\/v2\/media?parent=2752"}],"curies":[{"name":"wp","href":"https:\/\/api.w.org\/{rel}","templated":true}]}}