{"id":1287,"date":"2021-02-13T12:43:40","date_gmt":"2021-02-13T15:43:40","guid":{"rendered":"https:\/\/iesbelen-cat.infd.edu.ar\/sitio\/?page_id=1287"},"modified":"2021-02-13T12:48:12","modified_gmt":"2021-02-13T15:48:12","slug":"inscripcion-ciclo-academico-2021","status":"publish","type":"page","link":"https:\/\/iesbelen-cat.infd.edu.ar\/sitio\/inscripcion-ciclo-academico-2021\/","title":{"rendered":"INSCRIPCI\u00d3N CICLO ACAD\u00c9MICO 2021"},"content":{"rendered":"<p><strong>Estimado Alumno Ingresante<\/strong><\/p>\n<p>La Inscripci\u00f3n para las carreras de Formaci\u00f3n Docente y T\u00e9cnica, que ofrece el Instituto de Estudios Superiores Bel\u00e9n, se encuentra abierta.<\/p>\n<p><strong>La inscripci\u00f3n consta de dos etapas obligatorias:<\/strong><\/p>\n<p>Todos los datos a ingresar en las dos formas de inscripci\u00f3n deben ser id\u00e9nticos.<\/p>\n<ul>\n<li><strong>Etapa Virtual<\/strong><\/li>\n<\/ul>\n<p>Para realizar la inscripci\u00f3n v\u00eda virtual, \u00a0deber\u00e1 completar el siguiente formulario electr\u00f3nico de inscripci\u00f3n (online).<\/p>\n<ul>\n<li><strong><a href=\"https:\/\/bit.ly\/Formulario_Inscripci\u00f3n_2021\" target=\"_blank\" rel=\"noopener\">https:\/\/bit.ly\/Formulario_Inscripci\u00f3n_2021<\/a><\/strong><\/li>\n<\/ul>\n<ul>\n<li><strong>Etapa Presencial<\/strong><\/li>\n<\/ul>\n<p>Deber\u00e1 presentar la siguiente documentaci\u00f3n obligatoria de su legajo de alumno.<\/p>\n<p>Para entregar la documentaci\u00f3n requerida se le notificara v\u00eda mensaje d\u00eda y horario para asistir a la Instituci\u00f3n.<\/p>\n<p>Recuerde que debe concurrir con todos los requisitos solicitados y correctos.<\/p>\n<p><strong>\u00a0<\/strong><\/p>\n<p><strong>La documentaci\u00f3n a presentar en formato papel es la siguiente:<\/strong><\/p>\n<ul>\n<li>Original y fotocopia del T\u00edtulo Secundario o Constancia de Finalizaci\u00f3n de Estudios Secundarios.<\/li>\n<li>Original y Fotocopia del DNI ( 1\u00b0 y 2\u00b0 hoja)<\/li>\n<li>Constancia Certificada de Partida de Nacimiento<\/li>\n<li>2 Fotos carnet<\/li>\n<li>Constancia Certificada de Partida de Nacimiento hijos menores de 5 a\u00f1os<\/li>\n<li>Constancia de trabajo<\/li>\n<li>Carpeta colgante<\/li>\n<li>Planilla de inscripci\u00f3n al A\u00f1o Acad\u00e9mico (descargar e imprimir).<\/li>\n<\/ul>\n<p><img decoding=\"async\" loading=\"lazy\" class=\"alignnone wp-image-1285\" src=\"https:\/\/iesbelen-cat.infd.edu.ar\/sitio\/wp-content\/uploads\/2021\/02\/index.jpg\" alt=\"\" width=\"59\" height=\"59\" \/>\u00a0 <a href=\"https:\/\/iesbelen-cat.infd.edu.ar\/sitio\/wp-content\/uploads\/2021\/02\/PLANILLA-DE-INSCRIPCI\u00d3N-AL-A\u00d1O-ACAD\u00c9MICO-2021-1.pdf\" target=\"_blank\" rel=\"noopener\">PLANILLA DE INSCRIPCI\u00d3N AL A\u00d1O ACAD\u00c9MICO 2021-1<\/a><\/p>\n<p>Por cualquier consulta llamar al tel\u00e9fono del IES 03835-461813, en los siguientes horarios:<\/p>\n<p>Lunes a Viernes de 8 a 11 horas<\/p>\n<p>Lunes a Viernes \u00a0de 16 a 19 horas.<\/p>\n","protected":false},"excerpt":{"rendered":"<p>Estimado Alumno Ingresante La Inscripci\u00f3n para las carreras de Formaci\u00f3n Docente y T\u00e9cnica, que ofrece el Instituto de Estudios Superiores Bel\u00e9n, se encuentra abierta. La inscripci\u00f3n consta de dos etapas obligatorias: Todos los datos a ingresar en las dos formas de inscripci\u00f3n deben ser id\u00e9nticos. Etapa Virtual Para realizar la inscripci\u00f3n v\u00eda virtual, \u00a0deber\u00e1 completar &#8230; <a title=\"INSCRIPCI\u00d3N CICLO ACAD\u00c9MICO 2021\" class=\"read-more\" href=\"https:\/\/iesbelen-cat.infd.edu.ar\/sitio\/inscripcion-ciclo-academico-2021\/\" aria-label=\"More on INSCRIPCI\u00d3N CICLO ACAD\u00c9MICO 2021\">[+]<\/a><\/p>\n","protected":false},"author":72,"featured_media":0,"parent":0,"menu_order":0,"comment_status":"closed","ping_status":"closed","template":"","meta":[],"acf":[],"_links":{"self":[{"href":"https:\/\/iesbelen-cat.infd.edu.ar\/sitio\/wp-json\/wp\/v2\/pages\/1287"}],"collection":[{"href":"https:\/\/iesbelen-cat.infd.edu.ar\/sitio\/wp-json\/wp\/v2\/pages"}],"about":[{"href":"https:\/\/iesbelen-cat.infd.edu.ar\/sitio\/wp-json\/wp\/v2\/types\/page"}],"author":[{"embeddable":true,"href":"https:\/\/iesbelen-cat.infd.edu.ar\/sitio\/wp-json\/wp\/v2\/users\/72"}],"replies":[{"embeddable":true,"href":"https:\/\/iesbelen-cat.infd.edu.ar\/sitio\/wp-json\/wp\/v2\/comments?post=1287"}],"version-history":[{"count":2,"href":"https:\/\/iesbelen-cat.infd.edu.ar\/sitio\/wp-json\/wp\/v2\/pages\/1287\/revisions"}],"predecessor-version":[{"id":1290,"href":"https:\/\/iesbelen-cat.infd.edu.ar\/sitio\/wp-json\/wp\/v2\/pages\/1287\/revisions\/1290"}],"wp:attachment":[{"href":"https:\/\/iesbelen-cat.infd.edu.ar\/sitio\/wp-json\/wp\/v2\/media?parent=1287"}],"curies":[{"name":"wp","href":"https:\/\/api.w.org\/{rel}","templated":true}]}}