{"id":1217,"date":"2020-12-13T21:31:15","date_gmt":"2020-12-14T00:31:15","guid":{"rendered":"https:\/\/iesbelen-cat.infd.edu.ar\/sitio\/?page_id=1217"},"modified":"2021-02-25T08:21:01","modified_gmt":"2021-02-25T11:21:01","slug":"profesorado-ingles","status":"publish","type":"page","link":"https:\/\/iesbelen-cat.infd.edu.ar\/sitio\/oferta-academica-2021\/profesorados\/profesorado-ingles\/","title":{"rendered":""},"content":{"rendered":"<p><img decoding=\"async\" loading=\"lazy\" class=\"wp-image-1226 aligncenter\" src=\"https:\/\/iesbelen-cat.infd.edu.ar\/sitio\/wp-content\/uploads\/2020\/12\/Diapositiva5-1000x563.jpg\" alt=\"\" width=\"629\" height=\"354\" srcset=\"https:\/\/iesbelen-cat.infd.edu.ar\/sitio\/wp-content\/uploads\/2020\/12\/Diapositiva5-1000x563.jpg 1000w, https:\/\/iesbelen-cat.infd.edu.ar\/sitio\/wp-content\/uploads\/2020\/12\/Diapositiva5-768x432.jpg 768w, https:\/\/iesbelen-cat.infd.edu.ar\/sitio\/wp-content\/uploads\/2020\/12\/Diapositiva5.jpg 1280w\" sizes=\"(max-width: 629px) 100vw, 629px\" \/><\/p>\n<h1>Introducci\u00f3n a la Carrera<\/h1>\n<p><strong>PROFESORADO EN INGL\u00c9S<\/strong><\/p>\n<p>El Profesorado en Ingl\u00e9s te forma en conocimientos disciplinares propios del campo de las Lenguas Extranjeras, y que se articulan con saberes y habilidades imprescindibles para desempe\u00f1arte como docente: la formaci\u00f3n did\u00e1ctica, el trabajo en espacios de producci\u00f3n y pensamiento colectivo y cooperativo, el desarrollo de buenas pr\u00e1cticas de evaluaci\u00f3n de los aprendizajes, la formaci\u00f3n para cumplir nuevas funciones en escuelas de nivel inicial, primaria y secundaria, la reflexi\u00f3n sobre la autoridad, la vida democr\u00e1tica y el respeto y la valoraci\u00f3n de la ley, el conocimiento de las distintas formas de transitar la ni\u00f1ez y la juventud en la actualidad, la inclusi\u00f3n de las TIC para potenciar las posibilidades de aprendizaje, la alfabetizaci\u00f3n acad\u00e9mica y la educaci\u00f3n sexual integral, entre otras \u00e1reas de trabajo y conocimiento.<\/p>\n<p>El profesorado fue aprobado por Resoluci\u00f3n N\u00b0 117 y el t\u00edtulo es oficial ya que cuenta con validez nacional, lo que te habilita para el ejercicio de la docencia en todos los niveles del Sistema Educativo de la provincia y el pa\u00eds.<\/p>\n<p>&nbsp;<\/p>\n<p>&nbsp;<\/p>\n<p>&nbsp;<\/p>\n<p>&nbsp;<\/p>\n<p><img decoding=\"async\" loading=\"lazy\" class=\"alignnone wp-image-1285\" src=\"https:\/\/iesbelen-cat.infd.edu.ar\/sitio\/wp-content\/uploads\/2021\/02\/index.jpg\" alt=\"\" width=\"118\" height=\"118\" \/> <a href=\"https:\/\/iesbelen-cat.infd.edu.ar\/sitio\/wp-content\/uploads\/2020\/06\/Dise\u00f1o-curricular-Profesorado-de-Ingles-2015.pdf\">Dise\u00f1o curricular Profesorado de Ingles (2015)<\/a><\/p>\n<p>&nbsp;<\/p>\n<p><strong>\u00a0PARA EL TRAYECTO DE INGRESO.<\/strong><\/p>\n<p>Enlace para unirse al grupo del Profesorado de Ingl\u00e9s: https:\/\/chat.whatsapp.com\/L2aR2Wc0UZq2MdzC2o24sg<\/p>\n<p>Muchas gracias por elegirnos, y estamos en contacto en el grupo.<\/p>\n","protected":false},"excerpt":{"rendered":"<p>Introducci\u00f3n a la Carrera PROFESORADO EN INGL\u00c9S El Profesorado en Ingl\u00e9s te forma en conocimientos disciplinares propios del campo de las Lenguas Extranjeras, y que se articulan con saberes y habilidades imprescindibles para desempe\u00f1arte como docente: la formaci\u00f3n did\u00e1ctica, el trabajo en espacios de producci\u00f3n y pensamiento colectivo y cooperativo, el desarrollo de buenas pr\u00e1cticas &#8230; <a title=\"\" class=\"read-more\" href=\"https:\/\/iesbelen-cat.infd.edu.ar\/sitio\/oferta-academica-2021\/profesorados\/profesorado-ingles\/\" aria-label=\"More on \">[+]<\/a><\/p>\n","protected":false},"author":72,"featured_media":0,"parent":1200,"menu_order":2,"comment_status":"closed","ping_status":"closed","template":"","meta":[],"acf":[],"_links":{"self":[{"href":"https:\/\/iesbelen-cat.infd.edu.ar\/sitio\/wp-json\/wp\/v2\/pages\/1217"}],"collection":[{"href":"https:\/\/iesbelen-cat.infd.edu.ar\/sitio\/wp-json\/wp\/v2\/pages"}],"about":[{"href":"https:\/\/iesbelen-cat.infd.edu.ar\/sitio\/wp-json\/wp\/v2\/types\/page"}],"author":[{"embeddable":true,"href":"https:\/\/iesbelen-cat.infd.edu.ar\/sitio\/wp-json\/wp\/v2\/users\/72"}],"replies":[{"embeddable":true,"href":"https:\/\/iesbelen-cat.infd.edu.ar\/sitio\/wp-json\/wp\/v2\/comments?post=1217"}],"version-history":[{"count":6,"href":"https:\/\/iesbelen-cat.infd.edu.ar\/sitio\/wp-json\/wp\/v2\/pages\/1217\/revisions"}],"predecessor-version":[{"id":1294,"href":"https:\/\/iesbelen-cat.infd.edu.ar\/sitio\/wp-json\/wp\/v2\/pages\/1217\/revisions\/1294"}],"up":[{"embeddable":true,"href":"https:\/\/iesbelen-cat.infd.edu.ar\/sitio\/wp-json\/wp\/v2\/pages\/1200"}],"wp:attachment":[{"href":"https:\/\/iesbelen-cat.infd.edu.ar\/sitio\/wp-json\/wp\/v2\/media?parent=1217"}],"curies":[{"name":"wp","href":"https:\/\/api.w.org\/{rel}","templated":true}]}}