{"id":1208,"date":"2020-12-13T21:24:45","date_gmt":"2020-12-14T00:24:45","guid":{"rendered":"https:\/\/iesbelen-cat.infd.edu.ar\/sitio\/?page_id=1208"},"modified":"2023-10-04T16:07:28","modified_gmt":"2023-10-04T19:07:28","slug":"profesorado-educacion-primaria","status":"publish","type":"page","link":"https:\/\/iesbelen-cat.infd.edu.ar\/sitio\/oferta-academica-2021\/profesorados\/profesorado-educacion-primaria\/","title":{"rendered":""},"content":{"rendered":"<p>&nbsp;<\/p>\n<h1><img decoding=\"async\" loading=\"lazy\" class=\"wp-image-1224 aligncenter\" src=\"https:\/\/iesbelen-cat.infd.edu.ar\/sitio\/wp-content\/uploads\/2020\/12\/Diapositiva3-1000x563.jpg\" alt=\"\" width=\"676\" height=\"380\" srcset=\"https:\/\/iesbelen-cat.infd.edu.ar\/sitio\/wp-content\/uploads\/2020\/12\/Diapositiva3-1000x563.jpg 1000w, https:\/\/iesbelen-cat.infd.edu.ar\/sitio\/wp-content\/uploads\/2020\/12\/Diapositiva3-768x432.jpg 768w, https:\/\/iesbelen-cat.infd.edu.ar\/sitio\/wp-content\/uploads\/2020\/12\/Diapositiva3.jpg 1280w\" sizes=\"(max-width: 676px) 100vw, 676px\" \/><\/h1>\n<p>&nbsp;<\/p>\n\n\n<p class=\"has-text-align-left\">Este profesorado aprobado por\u00a0<strong>Resoluci\u00f3n Ministerial ECyT N\u00b01004<\/strong>,  te forma para que asumas la mediaci\u00f3n del conocimiento en el nivel primario. Te brinda conocimientos pedag\u00f3gicos y disciplinares actualizados que te permiten insertarte y actuar en la realidad educativa de este Nivel. Como futuro docente podr\u00e1s promover aprendizajes significativos en el aula, desarrollar tareas de investigaci\u00f3n educativa a partir del trabajo interdisciplinario y contribuir al mejoramiento de las pr\u00e1cticas educativas del sistema.<\/p>\n\n\n\n<figure class=\"wp-block-image size-full\"><img decoding=\"async\" loading=\"lazy\" width=\"1280\" height=\"720\" src=\"https:\/\/iesbelen-cat.infd.edu.ar\/sitio\/wp-content\/uploads\/2023\/10\/Primaria.jpg\" alt=\"\" class=\"wp-image-2601\" srcset=\"https:\/\/iesbelen-cat.infd.edu.ar\/sitio\/wp-content\/uploads\/2023\/10\/Primaria.jpg 1280w, https:\/\/iesbelen-cat.infd.edu.ar\/sitio\/wp-content\/uploads\/2023\/10\/Primaria-1000x563.jpg 1000w, https:\/\/iesbelen-cat.infd.edu.ar\/sitio\/wp-content\/uploads\/2023\/10\/Primaria-768x432.jpg 768w\" sizes=\"(max-width: 1280px) 100vw, 1280px\" \/><\/figure>\n\n\n\n<p>        <strong><em>ESTRUCTURA CURRICULAR<\/em><\/strong> <\/p>\n\n\n\n<div class=\"wp-block-file\"><object class=\"wp-block-file__embed\" data=\"https:\/\/iesbelen-cat.infd.edu.ar\/sitio\/wp-content\/uploads\/2023\/10\/Primaria_estructura-Curricular.pdf\" type=\"application\/pdf\" style=\"width:100%;height:600px\" aria-label=\"Incrustado de Primaria_estructura-Curricular.\"><\/object><a id=\"wp-block-file--media-901efb1e-4856-4f58-8ac3-7e35ec2e612c\" href=\"https:\/\/iesbelen-cat.infd.edu.ar\/sitio\/wp-content\/uploads\/2023\/10\/Primaria_estructura-Curricular.pdf\">Primaria_estructura-Curricular<\/a><a href=\"https:\/\/iesbelen-cat.infd.edu.ar\/sitio\/wp-content\/uploads\/2023\/10\/Primaria_estructura-Curricular.pdf\" class=\"wp-block-file__button wp-element-button\" download aria-describedby=\"wp-block-file--media-901efb1e-4856-4f58-8ac3-7e35ec2e612c\">Descarga<\/a><\/div>\n","protected":false},"excerpt":{"rendered":"<p>&nbsp; &nbsp; Este profesorado aprobado por\u00a0Resoluci\u00f3n Ministerial ECyT N\u00b01004, te forma para que asumas la mediaci\u00f3n del conocimiento en el nivel primario. Te brinda conocimientos pedag\u00f3gicos y disciplinares actualizados que te permiten insertarte y actuar en la realidad educativa de este Nivel. Como futuro docente podr\u00e1s promover aprendizajes significativos en el aula, desarrollar tareas de &#8230; <a title=\"\" class=\"read-more\" href=\"https:\/\/iesbelen-cat.infd.edu.ar\/sitio\/oferta-academica-2021\/profesorados\/profesorado-educacion-primaria\/\" aria-label=\"More on \">[+]<\/a><\/p>\n","protected":false},"author":72,"featured_media":0,"parent":1200,"menu_order":1,"comment_status":"closed","ping_status":"closed","template":"","meta":[],"acf":[],"_links":{"self":[{"href":"https:\/\/iesbelen-cat.infd.edu.ar\/sitio\/wp-json\/wp\/v2\/pages\/1208"}],"collection":[{"href":"https:\/\/iesbelen-cat.infd.edu.ar\/sitio\/wp-json\/wp\/v2\/pages"}],"about":[{"href":"https:\/\/iesbelen-cat.infd.edu.ar\/sitio\/wp-json\/wp\/v2\/types\/page"}],"author":[{"embeddable":true,"href":"https:\/\/iesbelen-cat.infd.edu.ar\/sitio\/wp-json\/wp\/v2\/users\/72"}],"replies":[{"embeddable":true,"href":"https:\/\/iesbelen-cat.infd.edu.ar\/sitio\/wp-json\/wp\/v2\/comments?post=1208"}],"version-history":[{"count":6,"href":"https:\/\/iesbelen-cat.infd.edu.ar\/sitio\/wp-json\/wp\/v2\/pages\/1208\/revisions"}],"predecessor-version":[{"id":2607,"href":"https:\/\/iesbelen-cat.infd.edu.ar\/sitio\/wp-json\/wp\/v2\/pages\/1208\/revisions\/2607"}],"up":[{"embeddable":true,"href":"https:\/\/iesbelen-cat.infd.edu.ar\/sitio\/wp-json\/wp\/v2\/pages\/1200"}],"wp:attachment":[{"href":"https:\/\/iesbelen-cat.infd.edu.ar\/sitio\/wp-json\/wp\/v2\/media?parent=1208"}],"curies":[{"name":"wp","href":"https:\/\/api.w.org\/{rel}","templated":true}]}}