{"id":1196,"date":"2020-12-01T10:41:10","date_gmt":"2020-12-01T13:41:10","guid":{"rendered":"https:\/\/iesbelen-cat.infd.edu.ar\/sitio\/?page_id=1196"},"modified":"2023-12-12T17:08:42","modified_gmt":"2023-12-12T20:08:42","slug":"oferta-academica-2021","status":"publish","type":"page","link":"https:\/\/iesbelen-cat.infd.edu.ar\/sitio\/oferta-academica-2021\/","title":{"rendered":"Oferta Acad\u00e9mica 2024"},"content":{"rendered":"<h4><span style=\"color: #993300;\"><strong><span style=\"color: #000080;\">OFERTA ACAD\u00c9MICA 2023<br \/>\n<\/span><\/strong><\/span><\/h4>\n<hr>\n<p><strong><a href=\"https:\/\/iesbelen-cat.infd.edu.ar\/sitio\/oferta-academica-2021\/profesorados\/\" target=\"_blank\" rel=\"noopener\"><span style=\"color: #ff6600;\">Profesorados<\/span><\/a>&nbsp;&nbsp;&nbsp;&nbsp;&nbsp;&nbsp;&nbsp;&nbsp;&nbsp;<\/strong><a href=\"https:\/\/iesbelen-cat.infd.edu.ar\/sitio\/oferta-academica-2021\/tecnicaturas\/\" target=\"_blank\" rel=\"noopener\"><span style=\"color: #ff6600;\"><strong> Tecnicaturas<\/strong><\/span><\/a><\/p>\n<p>Actualmente la Oferta Acad\u00e9mica del Instituto de Estudios Superiores Bel\u00e9n, esta compuesta por:<\/p>\n<p>5 <a href=\"https:\/\/iesbelen-cat.infd.edu.ar\/sitio\/oferta-academica-2021\/profesorados\/\" target=\"_blank\" rel=\"noopener\"><span style=\"color: #ff6600;\">Profesorados<\/span><\/a><\/p>\n<p>4 <a href=\"https:\/\/iesbelen-cat.infd.edu.ar\/sitio\/oferta-academica-2021\/tecnicaturas\/\" target=\"_blank\" rel=\"noopener\"><span style=\"color: #ff6600;\">Tecnicaturas<\/span><\/a><\/p>\n","protected":false},"excerpt":{"rendered":"<p>OFERTA ACAD\u00c9MICA 2023 Profesorados&nbsp;&nbsp;&nbsp;&nbsp;&nbsp;&nbsp;&nbsp;&nbsp;&nbsp; Tecnicaturas Actualmente la Oferta Acad\u00e9mica del Instituto de Estudios Superiores Bel\u00e9n, esta compuesta por: 5 Profesorados 4 Tecnicaturas<\/p>\n","protected":false},"author":72,"featured_media":0,"parent":0,"menu_order":0,"comment_status":"closed","ping_status":"closed","template":"","meta":[],"acf":[],"_links":{"self":[{"href":"https:\/\/iesbelen-cat.infd.edu.ar\/sitio\/wp-json\/wp\/v2\/pages\/1196"}],"collection":[{"href":"https:\/\/iesbelen-cat.infd.edu.ar\/sitio\/wp-json\/wp\/v2\/pages"}],"about":[{"href":"https:\/\/iesbelen-cat.infd.edu.ar\/sitio\/wp-json\/wp\/v2\/types\/page"}],"author":[{"embeddable":true,"href":"https:\/\/iesbelen-cat.infd.edu.ar\/sitio\/wp-json\/wp\/v2\/users\/72"}],"replies":[{"embeddable":true,"href":"https:\/\/iesbelen-cat.infd.edu.ar\/sitio\/wp-json\/wp\/v2\/comments?post=1196"}],"version-history":[{"count":12,"href":"https:\/\/iesbelen-cat.infd.edu.ar\/sitio\/wp-json\/wp\/v2\/pages\/1196\/revisions"}],"predecessor-version":[{"id":2749,"href":"https:\/\/iesbelen-cat.infd.edu.ar\/sitio\/wp-json\/wp\/v2\/pages\/1196\/revisions\/2749"}],"wp:attachment":[{"href":"https:\/\/iesbelen-cat.infd.edu.ar\/sitio\/wp-json\/wp\/v2\/media?parent=1196"}],"curies":[{"name":"wp","href":"https:\/\/api.w.org\/{rel}","templated":true}]}}